{"id":230,"date":"2022-12-27T10:25:50","date_gmt":"2022-12-27T10:25:50","guid":{"rendered":"https:\/\/mtb-heidelsheim.de\/?page_id=230"},"modified":"2025-04-15T19:17:58","modified_gmt":"2025-04-15T17:17:58","slug":"bilder","status":"publish","type":"page","link":"https:\/\/mtb-heidelsheim.de\/?page_id=230","title":{"rendered":"Bilder"},"content":{"rendered":"\r\n<p class=\"wp-block-paragraph\">Weitere Bilder auf <a href=\"https:\/\/www.instagram.com\/mtbheidelsheim\/\" target=\"_blank\" rel=\"noopener\">Instagram<\/a><\/p>\r\n<p>Er\u00f6ffnungstour 2025<\/p>\r\nngg_shortcode_0_placeholder\r\n<p>Bad Wildbad 2025<\/p>\r\nngg_shortcode_1_placeholder\r\n<p>&nbsp;<\/p>\r\n<p>24. Heidelsheimer MTB-Tour 2024<\/p>\r\nngg_shortcode_2_placeholder\r\n<p>Er\u00f6ffnungstour 13. April 2024&nbsp; (<a href=\"https:\/\/mtb-heidelsheim.de\/wp-content\/uploads\/2024\/04\/Video.mp4\">Video Er\u00f6ffnungstour 13. April 2024<\/a>)<\/p>\r\nngg_shortcode_3_placeholder\r\n\r\n\r\n\r\n<p class=\"wp-block-paragraph\">Familienausfahrt 2023<\/p>\r\n\r\n\r\n\r\nngg_shortcode_4_placeholder\r\n\r\n\r\n\r\n<p class=\"wp-block-paragraph\">Er\u00f6ffnungstour 2023<\/p>\r\n\r\n\r\n\r\nngg_shortcode_5_placeholder\r\n\r\n\r\n\r\n<p class=\"wp-block-paragraph\">Nikolaustour 2022<\/p>\r\n\r\n\r\n\r\nngg_shortcode_6_placeholder\r\n\r\n\r\n\r\n<p class=\"wp-block-paragraph\">&nbsp;<\/p>\r\n\r\n\r\n\r\n<p class=\"wp-block-paragraph\">Familientour 2022<\/p>\r\n\r\n\r\n\r\nngg_shortcode_7_placeholder\r\n","protected":false},"excerpt":{"rendered":"<p>Weitere Bilder auf Instagram Er\u00f6ffnungstour 2025 Bad Wildbad 2025 &nbsp; 24. Heidelsheimer MTB-Tour 2024 Er\u00f6ffnungstour 13. April 2024&nbsp; (Video Er\u00f6ffnungstour 13. April 2024) Familienausfahrt 2023 Er\u00f6ffnungstour 2023 Nikolaustour 2022 &nbsp; Familientour 2022<\/p>\n","protected":false},"author":1,"featured_media":0,"parent":0,"menu_order":0,"comment_status":"closed","ping_status":"closed","template":"","meta":{"_crdt_document":"","ngg_post_thumbnail":0,"footnotes":""},"class_list":["post-230","page","type-page","status-publish","hentry"],"_links":{"self":[{"href":"https:\/\/mtb-heidelsheim.de\/index.php?rest_route=\/wp\/v2\/pages\/230","targetHints":{"allow":["GET"]}}],"collection":[{"href":"https:\/\/mtb-heidelsheim.de\/index.php?rest_route=\/wp\/v2\/pages"}],"about":[{"href":"https:\/\/mtb-heidelsheim.de\/index.php?rest_route=\/wp\/v2\/types\/page"}],"author":[{"embeddable":true,"href":"https:\/\/mtb-heidelsheim.de\/index.php?rest_route=\/wp\/v2\/users\/1"}],"replies":[{"embeddable":true,"href":"https:\/\/mtb-heidelsheim.de\/index.php?rest_route=%2Fwp%2Fv2%2Fcomments&post=230"}],"version-history":[{"count":18,"href":"https:\/\/mtb-heidelsheim.de\/index.php?rest_route=\/wp\/v2\/pages\/230\/revisions"}],"predecessor-version":[{"id":714,"href":"https:\/\/mtb-heidelsheim.de\/index.php?rest_route=\/wp\/v2\/pages\/230\/revisions\/714"}],"wp:attachment":[{"href":"https:\/\/mtb-heidelsheim.de\/index.php?rest_route=%2Fwp%2Fv2%2Fmedia&parent=230"}],"curies":[{"name":"wp","href":"https:\/\/api.w.org\/{rel}","templated":true}]}}