{"id":23,"date":"2019-10-12T13:11:01","date_gmt":"2019-10-12T13:11:01","guid":{"rendered":"http:\/\/mtb-heidelsheim.de\/?page_id=23"},"modified":"2024-03-30T16:33:43","modified_gmt":"2024-03-30T15:33:43","slug":"rechtliches","status":"publish","type":"page","link":"https:\/\/mtb-heidelsheim.de\/?page_id=23","title":{"rendered":"Impressum"},"content":{"rendered":"\r\n<h2 class=\"wp-block-heading\">Vertretungsberechtigter Vorstand:<\/h2>\r\n\r\n\r\n\r\n<p class=\"wp-block-paragraph\">Mountain Bike Freunde Heidelsheim e.V.<\/p>\r\n\r\n\r\n\r\n<p class=\"wp-block-paragraph\">1. Vorstand: Uwe Michael Stather<\/p>\r\n\r\n\r\n\r\n<p class=\"wp-block-paragraph\">2. Vorstand: Lutz Teichmann<\/p>\r\n\r\n\r\n\r\n<p class=\"wp-block-paragraph\">Kassierer: Janis Stather<\/p>\r\n\r\n\r\n\r\n<p class=\"wp-block-paragraph\">Register und Registernummer:<br>eingetragen im Vereinsregister des Amtsgerichts Mannheim, Baden-W\u00fcrttemberg<br>Registernummer: VR 230819<\/p>\r\n\r\n\r\n\r\n<h2 class=\"wp-block-heading\">Kontakt:<\/h2>\r\n\r\n\r\n\r\n<p class=\"wp-block-paragraph\">Allgemeine Anfragen: info@mtb-heidelsheim.de<\/p>\r\n\r\n\r\n\r\n<p class=\"wp-block-paragraph\">&nbsp;<\/p>\r\n\r\n\r\n\r\n<p class=\"wp-block-paragraph\">Vorstand:<\/p>\r\n\r\n\r\n\r\n<p class=\"wp-block-paragraph\">Uwe Michael Stather<\/p>\r\n\r\n\r\n\r\n<p class=\"wp-block-paragraph\">Br\u00fcckstra\u00dfe 34<\/p>\r\n\r\n\r\n\r\n<p class=\"wp-block-paragraph\">76703 Kraichtal<\/p>\r\n\r\n\r\n\r\n<p class=\"wp-block-paragraph\">Tel.: 07251\/932110<\/p>\r\n\r\n\r\n\r\n<p class=\"wp-block-paragraph\">Mobil: 015114456327<\/p>\r\n\r\n\r\n\r\n<p class=\"wp-block-paragraph\">uwe@mtb-heidelsheim.de<\/p>\r\n\r\n\r\n\r\n<h2 class=\"wp-block-heading\">Verantwortlich f\u00fcr den Inhalt nach \u00a75 TGM und \u00a755 Abs. 2 RStV:<\/h2>\r\n\r\n\r\n\r\n<p class=\"wp-block-paragraph\" style=\"line-height: 1;\">Christian Augenstein<\/p>\r\n\r\n\r\n\r\n<p class=\"wp-block-paragraph\" style=\"line-height: 1;\"><br>Oberdorfstrasse 82<\/p>\r\n\r\n\r\n\r\n<p class=\"wp-block-paragraph\">76698 Ubstadt-Weiher<\/p>\r\n\r\n\r\n\r\n<p class=\"wp-block-paragraph\">webmaster@mtb-heidelsheim.de<\/p>\r\n\r\n\r\n\r\n<p class=\"wp-block-paragraph\">&nbsp;<\/p>\r\n\r\n\r\n\r\n<p class=\"wp-block-paragraph\" style=\"line-height: 1;\">&nbsp;<\/p>\r\n\r\n\r\n\r\n<p class=\"wp-block-paragraph\">&nbsp;<\/p>\r\n\r\n\r\n\r\n<h2 class=\"wp-block-heading\">&nbsp;<\/h2>\r\n\r\n\r\n\r\n<h4 class=\"wp-block-heading\" id=\"block-4ae52961-fe24-443a-aab4-eb634adb89a9\">&nbsp;<\/h4>\r\n\r\n\r\n\r\n<p class=\"wp-block-paragraph\">&nbsp;<\/p>\r\n\r\n\r\n\r\n<p class=\"wp-block-paragraph\">Trotz sorgf\u00e4ltiger inhaltlicher Kontrolle \u00fcbernehmen wir keine Haftung f\u00fcr die Inhalte externer Links. F\u00fcr den Inhalt verlinkter Seiten sind ausschlie\u00dflich deren Betreiber verantwortlich.<\/p>\r\n\r\n\r\n\r\n<p class=\"wp-block-paragraph\">&nbsp;<\/p>\r\n\r\n\r\n\r\n<h2 class=\"wp-block-heading\">&nbsp;<\/h2>\r\n\r\n\r\n\r\n<p class=\"wp-block-paragraph\">&nbsp;<\/p>\r\n","protected":false},"excerpt":{"rendered":"<p>Vertretungsberechtigter Vorstand: Mountain Bike Freunde Heidelsheim e.V. 1. Vorstand: Uwe Michael Stather 2. Vorstand: Lutz Teichmann Kassierer: Janis Stather Register und Registernummer:eingetragen im Vereinsregister des Amtsgerichts Mannheim, Baden-W\u00fcrttembergRegisternummer: VR 230819 Kontakt: Allgemeine Anfragen: info@mtb-heidelsheim.de &nbsp; Vorstand: Uwe Michael Stather Br\u00fcckstra\u00dfe 34 76703 Kraichtal Tel.: 07251\/932110 Mobil: 015114456327 uwe@mtb-heidelsheim.de Verantwortlich f\u00fcr den Inhalt nach \u00a75 TGM &hellip; <\/p>\n<p class=\"link-more\"><a href=\"https:\/\/mtb-heidelsheim.de\/?page_id=23\" class=\"more-link\"><span class=\"screen-reader-text\">\u201eImpressum\u201c <\/span>weiterlesen<\/a><\/p>\n","protected":false},"author":1,"featured_media":0,"parent":0,"menu_order":0,"comment_status":"closed","ping_status":"closed","template":"","meta":{"_crdt_document":"","ngg_post_thumbnail":0,"footnotes":""},"class_list":["post-23","page","type-page","status-publish","hentry"],"_links":{"self":[{"href":"https:\/\/mtb-heidelsheim.de\/index.php?rest_route=\/wp\/v2\/pages\/23","targetHints":{"allow":["GET"]}}],"collection":[{"href":"https:\/\/mtb-heidelsheim.de\/index.php?rest_route=\/wp\/v2\/pages"}],"about":[{"href":"https:\/\/mtb-heidelsheim.de\/index.php?rest_route=\/wp\/v2\/types\/page"}],"author":[{"embeddable":true,"href":"https:\/\/mtb-heidelsheim.de\/index.php?rest_route=\/wp\/v2\/users\/1"}],"replies":[{"embeddable":true,"href":"https:\/\/mtb-heidelsheim.de\/index.php?rest_route=%2Fwp%2Fv2%2Fcomments&post=23"}],"version-history":[{"count":19,"href":"https:\/\/mtb-heidelsheim.de\/index.php?rest_route=\/wp\/v2\/pages\/23\/revisions"}],"predecessor-version":[{"id":426,"href":"https:\/\/mtb-heidelsheim.de\/index.php?rest_route=\/wp\/v2\/pages\/23\/revisions\/426"}],"wp:attachment":[{"href":"https:\/\/mtb-heidelsheim.de\/index.php?rest_route=%2Fwp%2Fv2%2Fmedia&parent=23"}],"curies":[{"name":"wp","href":"https:\/\/api.w.org\/{rel}","templated":true}]}}